{"id":7,"date":"2024-02-15T10:56:20","date_gmt":"2024-02-15T10:56:20","guid":{"rendered":"https:\/\/syzyf.umcs.pl\/?page_id=7"},"modified":"2024-02-15T11:08:17","modified_gmt":"2024-02-15T11:08:17","slug":"strona-testowa-hostingu-umcs","status":"publish","type":"page","link":"https:\/\/syzyf.umcs.pl\/","title":{"rendered":"Strona testowa hostingu"},"content":{"rendered":"\n<div class=\"wp-block-group alignfull has-accent-4-background-color has-background is-vertical is-content-justification-center is-nowrap is-layout-flex wp-container-core-group-is-layout-2215816d wp-block-group-is-layout-flex\" style=\"min-height:100vh;margin-top:0;margin-bottom:0;padding-top:var(--wp--preset--spacing--50);padding-right:var(--wp--preset--spacing--50);padding-bottom:var(--wp--preset--spacing--50);padding-left:var(--wp--preset--spacing--50)\">\n<div class=\"wp-block-columns alignwide are-vertically-aligned-center is-layout-flex wp-container-core-columns-is-layout-47c06fe3 wp-block-columns-is-layout-flex\">\n<div class=\"wp-block-column is-vertically-aligned-center is-layout-flow wp-block-column-is-layout-flow\" style=\"flex-basis:40%\">\n<div class=\"wp-block-group is-layout-flow wp-container-core-group-is-layout-8f7ed23f wp-block-group-is-layout-flow\" style=\"min-height:100%;margin-top:0;margin-bottom:0;padding-right:0;padding-left:0\">\n<h1 class=\"wp-block-heading has-text-align-right\" style=\"margin-right:0;margin-left:212px;font-size:clamp(5.174rem, 5.174rem + ((1vw - 0.2rem) * 11.377), 12rem);line-height:1;writing-mode:vertical-rl\">SYZYF<\/h1>\n\n\n\n<div class=\"wp-block-group has-global-padding is-content-justification-right is-layout-constrained wp-container-core-group-is-layout-20b44f8d wp-block-group-is-layout-constrained\" style=\"padding-right:0;padding-left:0\">\n<p class=\"wp-container-content-0733e5d0\">Strona testowa<br>nowego hostingu UMCS<\/p>\n\n\n\n<div class=\"wp-block-buttons is-layout-flex wp-block-buttons-is-layout-flex\">\n<div class=\"wp-block-button\"><a class=\"wp-block-button__link wp-element-button\" href=\"https:\/\/www.umcs.pl\/pl\/zeus.htm\" target=\"_blank\" rel=\"noreferrer noopener\">Sprawd\u017a nasz\u0105 us\u0142ug\u0119<\/a><\/div>\n<\/div>\n<\/div>\n<\/div>\n<\/div>\n\n\n\n<div class=\"wp-block-column is-vertically-aligned-top is-layout-flow wp-block-column-is-layout-flow\" style=\"flex-basis:60%\">\n<figure class=\"wp-block-image size-full is-style-rounded is-style-rounded--1\"><img loading=\"lazy\" decoding=\"async\" width=\"1920\" height=\"2560\" src=\"https:\/\/syzyf.umcs.pl\/wp-content\/uploads\/2024\/02\/lionel-gustave-FQkgtrVJJy4-unsplash.jpg\" alt=\"\" class=\"wp-image-9\" style=\"aspect-ratio:3\/4;object-fit:cover\"\/><\/figure>\n<\/div>\n<\/div>\n<\/div>\n","protected":false},"excerpt":{"rendered":"<p>SYZYF Strona testowanowego hostingu UMCS<\/p>\n","protected":false},"author":1,"featured_media":0,"parent":0,"menu_order":0,"comment_status":"closed","ping_status":"closed","template":"","meta":{"footnotes":""},"class_list":["post-7","page","type-page","status-publish","hentry"],"yoast_head":"<!-- This site is optimized with the Yoast SEO plugin v23.0 - https:\/\/yoast.com\/wordpress\/plugins\/seo\/ -->\n<title>Strona testowa hostingu - Syzyf<\/title>\n<meta name=\"robots\" content=\"noindex, follow, max-snippet:-1, max-image-preview:large, max-video-preview:-1\" \/>\n<meta property=\"og:locale\" content=\"pl_PL\" \/>\n<meta property=\"og:type\" content=\"article\" \/>\n<meta property=\"og:title\" content=\"Strona testowa hostingu - Syzyf\" \/>\n<meta property=\"og:description\" content=\"SYZYF Strona testowanowego hostingu UMCS\" \/>\n<meta property=\"og:url\" content=\"https:\/\/syzyf.umcs.pl\/\" \/>\n<meta property=\"og:site_name\" content=\"Syzyf\" \/>\n<meta property=\"article:modified_time\" content=\"2024-02-15T11:08:17+00:00\" \/>\n<meta property=\"og:image\" content=\"https:\/\/syzyf.umcs.pl\/wp-content\/uploads\/2024\/02\/lionel-gustave-FQkgtrVJJy4-unsplash.jpg\" \/>\n<meta name=\"twitter:card\" content=\"summary_large_image\" \/>\n<meta name=\"twitter:label1\" content=\"Szacowany czas czytania\" \/>\n\t<meta name=\"twitter:data1\" content=\"1 minuta\" \/>\n<script type=\"application\/ld+json\" class=\"yoast-schema-graph\">{\"@context\":\"https:\/\/schema.org\",\"@graph\":[{\"@type\":\"WebPage\",\"@id\":\"https:\/\/syzyf.umcs.pl\/\",\"url\":\"https:\/\/syzyf.umcs.pl\/\",\"name\":\"Strona testowa hostingu - Syzyf\",\"isPartOf\":{\"@id\":\"https:\/\/syzyf.umcs.pl\/#website\"},\"primaryImageOfPage\":{\"@id\":\"https:\/\/syzyf.umcs.pl\/#primaryimage\"},\"image\":{\"@id\":\"https:\/\/syzyf.umcs.pl\/#primaryimage\"},\"thumbnailUrl\":\"https:\/\/syzyf.umcs.pl\/wp-content\/uploads\/2024\/02\/lionel-gustave-FQkgtrVJJy4-unsplash.jpg\",\"datePublished\":\"2024-02-15T10:56:20+00:00\",\"dateModified\":\"2024-02-15T11:08:17+00:00\",\"breadcrumb\":{\"@id\":\"https:\/\/syzyf.umcs.pl\/#breadcrumb\"},\"inLanguage\":\"pl-PL\",\"potentialAction\":[{\"@type\":\"ReadAction\",\"target\":[\"https:\/\/syzyf.umcs.pl\/\"]}]},{\"@type\":\"ImageObject\",\"inLanguage\":\"pl-PL\",\"@id\":\"https:\/\/syzyf.umcs.pl\/#primaryimage\",\"url\":\"https:\/\/syzyf.umcs.pl\/wp-content\/uploads\/2024\/02\/lionel-gustave-FQkgtrVJJy4-unsplash.jpg\",\"contentUrl\":\"https:\/\/syzyf.umcs.pl\/wp-content\/uploads\/2024\/02\/lionel-gustave-FQkgtrVJJy4-unsplash.jpg\",\"width\":1920,\"height\":2560},{\"@type\":\"BreadcrumbList\",\"@id\":\"https:\/\/syzyf.umcs.pl\/#breadcrumb\",\"itemListElement\":[{\"@type\":\"ListItem\",\"position\":1,\"name\":\"Strona g\u0142\u00f3wna\",\"item\":\"https:\/\/syzyf.umcs.pl\/\"},{\"@type\":\"ListItem\",\"position\":2,\"name\":\"Strona testowa hostingu\"}]},{\"@type\":\"WebSite\",\"@id\":\"https:\/\/syzyf.umcs.pl\/#website\",\"url\":\"https:\/\/syzyf.umcs.pl\/\",\"name\":\"Syzyf\",\"description\":\"\",\"potentialAction\":[{\"@type\":\"SearchAction\",\"target\":{\"@type\":\"EntryPoint\",\"urlTemplate\":\"https:\/\/syzyf.umcs.pl\/?s={search_term_string}\"},\"query-input\":\"required name=search_term_string\"}],\"inLanguage\":\"pl-PL\"}]}<\/script>\n<!-- \/ Yoast SEO plugin. -->","yoast_head_json":{"title":"Strona testowa hostingu - Syzyf","robots":{"index":"noindex","follow":"follow","max-snippet":"max-snippet:-1","max-image-preview":"max-image-preview:large","max-video-preview":"max-video-preview:-1"},"og_locale":"pl_PL","og_type":"article","og_title":"Strona testowa hostingu - Syzyf","og_description":"SYZYF Strona testowanowego hostingu UMCS","og_url":"https:\/\/syzyf.umcs.pl\/","og_site_name":"Syzyf","article_modified_time":"2024-02-15T11:08:17+00:00","og_image":[{"url":"https:\/\/syzyf.umcs.pl\/wp-content\/uploads\/2024\/02\/lionel-gustave-FQkgtrVJJy4-unsplash.jpg"}],"twitter_card":"summary_large_image","twitter_misc":{"Szacowany czas czytania":"1 minuta"},"schema":{"@context":"https:\/\/schema.org","@graph":[{"@type":"WebPage","@id":"https:\/\/syzyf.umcs.pl\/","url":"https:\/\/syzyf.umcs.pl\/","name":"Strona testowa hostingu - Syzyf","isPartOf":{"@id":"https:\/\/syzyf.umcs.pl\/#website"},"primaryImageOfPage":{"@id":"https:\/\/syzyf.umcs.pl\/#primaryimage"},"image":{"@id":"https:\/\/syzyf.umcs.pl\/#primaryimage"},"thumbnailUrl":"https:\/\/syzyf.umcs.pl\/wp-content\/uploads\/2024\/02\/lionel-gustave-FQkgtrVJJy4-unsplash.jpg","datePublished":"2024-02-15T10:56:20+00:00","dateModified":"2024-02-15T11:08:17+00:00","breadcrumb":{"@id":"https:\/\/syzyf.umcs.pl\/#breadcrumb"},"inLanguage":"pl-PL","potentialAction":[{"@type":"ReadAction","target":["https:\/\/syzyf.umcs.pl\/"]}]},{"@type":"ImageObject","inLanguage":"pl-PL","@id":"https:\/\/syzyf.umcs.pl\/#primaryimage","url":"https:\/\/syzyf.umcs.pl\/wp-content\/uploads\/2024\/02\/lionel-gustave-FQkgtrVJJy4-unsplash.jpg","contentUrl":"https:\/\/syzyf.umcs.pl\/wp-content\/uploads\/2024\/02\/lionel-gustave-FQkgtrVJJy4-unsplash.jpg","width":1920,"height":2560},{"@type":"BreadcrumbList","@id":"https:\/\/syzyf.umcs.pl\/#breadcrumb","itemListElement":[{"@type":"ListItem","position":1,"name":"Strona g\u0142\u00f3wna","item":"https:\/\/syzyf.umcs.pl\/"},{"@type":"ListItem","position":2,"name":"Strona testowa hostingu"}]},{"@type":"WebSite","@id":"https:\/\/syzyf.umcs.pl\/#website","url":"https:\/\/syzyf.umcs.pl\/","name":"Syzyf","description":"","potentialAction":[{"@type":"SearchAction","target":{"@type":"EntryPoint","urlTemplate":"https:\/\/syzyf.umcs.pl\/?s={search_term_string}"},"query-input":"required name=search_term_string"}],"inLanguage":"pl-PL"}]}},"_links":{"self":[{"href":"https:\/\/syzyf.umcs.pl\/index.php\/wp-json\/wp\/v2\/pages\/7","targetHints":{"allow":["GET"]}}],"collection":[{"href":"https:\/\/syzyf.umcs.pl\/index.php\/wp-json\/wp\/v2\/pages"}],"about":[{"href":"https:\/\/syzyf.umcs.pl\/index.php\/wp-json\/wp\/v2\/types\/page"}],"author":[{"embeddable":true,"href":"https:\/\/syzyf.umcs.pl\/index.php\/wp-json\/wp\/v2\/users\/1"}],"replies":[{"embeddable":true,"href":"https:\/\/syzyf.umcs.pl\/index.php\/wp-json\/wp\/v2\/comments?post=7"}],"version-history":[{"count":4,"href":"https:\/\/syzyf.umcs.pl\/index.php\/wp-json\/wp\/v2\/pages\/7\/revisions"}],"predecessor-version":[{"id":16,"href":"https:\/\/syzyf.umcs.pl\/index.php\/wp-json\/wp\/v2\/pages\/7\/revisions\/16"}],"wp:attachment":[{"href":"https:\/\/syzyf.umcs.pl\/index.php\/wp-json\/wp\/v2\/media?parent=7"}],"curies":[{"name":"wp","href":"https:\/\/api.w.org\/{rel}","templated":true}]}}